{"id":1003,"date":"2023-05-25T10:45:42","date_gmt":"2023-05-25T10:45:42","guid":{"rendered":"https:\/\/codinencs.com\/neteja-forestal\/"},"modified":"2025-06-08T20:47:38","modified_gmt":"2025-06-08T20:47:38","slug":"limpieza-forestal","status":"publish","type":"page","link":"https:\/\/codinencs.com\/es\/limpieza-forestal\/","title":{"rendered":"Limpieza forestal"},"content":{"rendered":"\t\t<div data-elementor-type=\"wp-page\" data-elementor-id=\"1003\" class=\"elementor elementor-1003 elementor-76\" data-elementor-post-type=\"page\">\n\t\t\t\t<div class=\"elementor-element elementor-element-03b3ccd e-flex e-con-boxed e-con e-parent\" data-id=\"03b3ccd\" data-element_type=\"container\" data-e-type=\"container\" data-settings=\"{&quot;jet_parallax_layout_list&quot;:[],&quot;background_background&quot;:&quot;classic&quot;}\">\n\t\t\t\t\t<div class=\"e-con-inner\">\n\t\t<div class=\"elementor-element elementor-element-9a7da2a e-con-full e-flex e-con e-child\" data-id=\"9a7da2a\" data-element_type=\"container\" data-e-type=\"container\" data-settings=\"{&quot;jet_parallax_layout_list&quot;:[]}\">\n\t\t\t\t<div class=\"elementor-element elementor-element-e75cd0a elementor-widget elementor-widget-heading\" data-id=\"e75cd0a\" data-element_type=\"widget\" data-e-type=\"widget\" data-widget_type=\"heading.default\">\n\t\t\t\t\t<h1 class=\"elementor-heading-title elementor-size-default\">Desbroce de parcelas<\/h1>\t\t\t\t<\/div>\n\t\t\t\t<div class=\"elementor-element elementor-element-a1c23de elementor-widget elementor-widget-text-editor\" data-id=\"a1c23de\" data-element_type=\"widget\" data-e-type=\"widget\" data-widget_type=\"text-editor.default\">\n\t\t\t\t\t\t\t\t\t<p>Realizamos trabajos de <strong>desbroce de parcelas<\/strong> y todo tipo de <strong>limpieza forestal<\/strong> para garantizar la seguridad y la prevenci\u00f3n de incendios, manteniendo tu entorno limpio y cumpliendo con la normativa vigente.<\/p>\t\t\t\t\t\t\t\t<\/div>\n\t\t\t\t<\/div>\n\t\t<div class=\"elementor-element elementor-element-287b04f e-con-full e-flex e-con e-child\" data-id=\"287b04f\" data-element_type=\"container\" data-e-type=\"container\" data-settings=\"{&quot;jet_parallax_layout_list&quot;:[]}\">\n\t\t\t\t<div class=\"elementor-element elementor-element-77d9b58 elementor-widget elementor-widget-image\" data-id=\"77d9b58\" data-element_type=\"widget\" data-e-type=\"widget\" data-widget_type=\"image.default\">\n\t\t\t\t\t\t\t\t\t\t\t\t\t\t\t<img fetchpriority=\"high\" decoding=\"async\" width=\"1024\" height=\"683\" src=\"https:\/\/codinencs.com\/wp-content\/uploads\/2025\/06\/desbroce-parcelas.jpg\" class=\"attachment-large size-large wp-image-1774\" alt=\"\" srcset=\"https:\/\/codinencs.com\/wp-content\/uploads\/2025\/06\/desbroce-parcelas.jpg 1024w, https:\/\/codinencs.com\/wp-content\/uploads\/2025\/06\/desbroce-parcelas-300x200.jpg 300w, https:\/\/codinencs.com\/wp-content\/uploads\/2025\/06\/desbroce-parcelas-768x512.jpg 768w, https:\/\/codinencs.com\/wp-content\/uploads\/2025\/06\/desbroce-parcelas-600x400.jpg 600w\" sizes=\"(max-width: 1024px) 100vw, 1024px\" \/>\t\t\t\t\t\t\t\t\t\t\t\t\t\t\t<\/div>\n\t\t\t\t<\/div>\n\t\t\t\t\t<\/div>\n\t\t\t\t<\/div>\n\t\t<div class=\"elementor-element elementor-element-174ebc7 e-flex e-con-boxed e-con e-parent\" data-id=\"174ebc7\" data-element_type=\"container\" data-e-type=\"container\" data-settings=\"{&quot;jet_parallax_layout_list&quot;:[]}\">\n\t\t\t\t\t<div class=\"e-con-inner\">\n\t\t<div class=\"elementor-element elementor-element-62e1477 e-con-full e-flex e-con e-child\" data-id=\"62e1477\" data-element_type=\"container\" data-e-type=\"container\" data-settings=\"{&quot;jet_parallax_layout_list&quot;:[]}\">\n\t\t\t\t<div class=\"elementor-element elementor-element-8c4ce57 elementor-widget elementor-widget-heading\" data-id=\"8c4ce57\" data-element_type=\"widget\" data-e-type=\"widget\" data-widget_type=\"heading.default\">\n\t\t\t\t\t<h2 class=\"elementor-heading-title elementor-size-default\">Desbroces y limpieza forestal<\/h2>\t\t\t\t<\/div>\n\t\t\t\t<div class=\"elementor-element elementor-element-66aa06b elementor-widget elementor-widget-text-editor\" data-id=\"66aa06b\" data-element_type=\"widget\" data-e-type=\"widget\" data-widget_type=\"text-editor.default\">\n\t\t\t\t\t\t\t\t\t<h2 style=\"font-size:1.5em;\">Desbroce de parcelas para una seguridad total<\/h2>\n\n<p>El <strong>desbroce de parcelas<\/strong> es una acci\u00f3n clave para mantener tu terreno seguro, limpio y libre de riesgos. Especialmente en zonas rurales o con vegetaci\u00f3n abundante, eliminar la maleza, los matorrales y la vegetaci\u00f3n seca es imprescindible para <strong>evitar incendios forestales<\/strong> y cumplir con la normativa de prevenci\u00f3n.<\/p>\n\n<p>Con nuestro servicio de <strong>limpieza forestal y desbroce de parcelas<\/strong>, retiramos matorrales, hierba alta, ramas ca\u00eddas y cualquier material vegetal inflamable que pueda suponer un peligro. Esta tarea no solo protege tu propiedad, sino que tambi\u00e9n <strong>mejora la accesibilidad, el aspecto y el uso del terreno<\/strong>.<\/p>\n\n<p>Adem\u00e1s, ofrecemos la creaci\u00f3n y mantenimiento de <strong>franjas de protecci\u00f3n contra incendios<\/strong>, especialmente alrededor de viviendas, edificaciones o caminos de acceso, seg\u00fan lo exige la normativa vigente.<\/p>\n\n<p>Trabajamos con <strong>maquinaria profesional y equipos especializados<\/strong> para garantizar una intervenci\u00f3n r\u00e1pida, eficaz y adaptada a cada parcela. Tanto si necesitas preparar el terreno para usos futuros como si simplemente quieres <strong>mantenerlo en buen estado<\/strong>, nuestro servicio de desbroce es la mejor opci\u00f3n para tener una parcela segura, limpia y lista para cualquier uso.<\/p>\n\t\t\t\t\t\t\t\t<\/div>\n\t\t\t\t<\/div>\n\t\t<div class=\"elementor-element elementor-element-903adeb e-con-full e-flex e-con e-child\" data-id=\"903adeb\" data-element_type=\"container\" data-e-type=\"container\" data-settings=\"{&quot;jet_parallax_layout_list&quot;:[]}\">\n\t\t\t\t<div class=\"elementor-element elementor-element-ed0a26e elementor-arrows-position-inside elementor-pagination-position-outside elementor-widget elementor-widget-image-carousel\" data-id=\"ed0a26e\" data-element_type=\"widget\" data-e-type=\"widget\" data-settings=\"{&quot;slides_to_show&quot;:&quot;1&quot;,&quot;navigation&quot;:&quot;both&quot;,&quot;autoplay&quot;:&quot;yes&quot;,&quot;pause_on_hover&quot;:&quot;yes&quot;,&quot;pause_on_interaction&quot;:&quot;yes&quot;,&quot;autoplay_speed&quot;:5000,&quot;infinite&quot;:&quot;yes&quot;,&quot;effect&quot;:&quot;slide&quot;,&quot;speed&quot;:500}\" data-widget_type=\"image-carousel.default\">\n\t\t\t\t\t\t\t<div class=\"elementor-image-carousel-wrapper swiper\" role=\"region\" aria-roledescription=\"carousel\" aria-label=\"Carrusel d&#039;imatges\" dir=\"ltr\">\n\t\t\t<div class=\"elementor-image-carousel swiper-wrapper\" aria-live=\"off\">\n\t\t\t\t\t\t\t\t<div class=\"swiper-slide\" role=\"group\" aria-roledescription=\"slide\" aria-label=\"1 de 9\"><figure class=\"swiper-slide-inner\"><img decoding=\"async\" class=\"swiper-slide-image\" src=\"https:\/\/codinencs.com\/wp-content\/uploads\/2024\/09\/desbroce_parcelas_3.jpg\" alt=\"desbroce_parcelas_3\" \/><\/figure><\/div><div class=\"swiper-slide\" role=\"group\" aria-roledescription=\"slide\" aria-label=\"2 de 9\"><figure class=\"swiper-slide-inner\"><img decoding=\"async\" class=\"swiper-slide-image\" src=\"https:\/\/codinencs.com\/wp-content\/uploads\/2024\/09\/desbroce_parcelas_4.jpg\" alt=\"desbroce_parcelas_4\" \/><\/figure><\/div><div class=\"swiper-slide\" role=\"group\" aria-roledescription=\"slide\" aria-label=\"3 de 9\"><figure class=\"swiper-slide-inner\"><img decoding=\"async\" class=\"swiper-slide-image\" src=\"https:\/\/codinencs.com\/wp-content\/uploads\/2024\/09\/limpieza_bosques_3.jpg\" alt=\"limpieza_bosques_3\" \/><\/figure><\/div><div class=\"swiper-slide\" role=\"group\" aria-roledescription=\"slide\" aria-label=\"4 de 9\"><figure class=\"swiper-slide-inner\"><img decoding=\"async\" class=\"swiper-slide-image\" src=\"https:\/\/codinencs.com\/wp-content\/uploads\/2024\/09\/limpieza_bosques_4.jpg\" alt=\"limpieza_bosques_4\" \/><\/figure><\/div><div class=\"swiper-slide\" role=\"group\" aria-roledescription=\"slide\" aria-label=\"5 de 9\"><figure class=\"swiper-slide-inner\"><img decoding=\"async\" class=\"swiper-slide-image\" src=\"https:\/\/codinencs.com\/wp-content\/uploads\/2024\/09\/limpieza-carreteras.jpeg\" alt=\"Big modern industrial tractor machine cutting green grass with mowing equipment along country roadside. Road lawn mower machinery vehicle highway maintenance service outdoors on sunny day.\" \/><\/figure><\/div><div class=\"swiper-slide\" role=\"group\" aria-roledescription=\"slide\" aria-label=\"6 de 9\"><figure class=\"swiper-slide-inner\"><img decoding=\"async\" class=\"swiper-slide-image\" src=\"https:\/\/codinencs.com\/wp-content\/uploads\/2024\/09\/reparacion_caminos.jpg\" alt=\"reparacion_caminos\" \/><\/figure><\/div><div class=\"swiper-slide\" role=\"group\" aria-roledescription=\"slide\" aria-label=\"7 de 9\"><figure class=\"swiper-slide-inner\"><img decoding=\"async\" class=\"swiper-slide-image\" src=\"https:\/\/codinencs.com\/wp-content\/uploads\/2024\/09\/taludes_1.jpg\" alt=\"taludes_1\" \/><\/figure><\/div><div class=\"swiper-slide\" role=\"group\" aria-roledescription=\"slide\" aria-label=\"8 de 9\"><figure class=\"swiper-slide-inner\"><img decoding=\"async\" class=\"swiper-slide-image\" src=\"https:\/\/codinencs.com\/wp-content\/uploads\/2024\/09\/taludes_2.jpg\" alt=\"taludes_2\" \/><\/figure><\/div><div class=\"swiper-slide\" role=\"group\" aria-roledescription=\"slide\" aria-label=\"9 de 9\"><figure class=\"swiper-slide-inner\"><img decoding=\"async\" class=\"swiper-slide-image\" src=\"https:\/\/codinencs.com\/wp-content\/uploads\/2024\/09\/desbroce_parcelas_2.jpg\" alt=\"desbroce_parcelas_2\" \/><\/figure><\/div>\t\t\t<\/div>\n\t\t\t\t\t\t\t\t\t\t\t\t<div class=\"elementor-swiper-button elementor-swiper-button-prev\" role=\"button\" tabindex=\"0\">\n\t\t\t\t\t\t<svg aria-hidden=\"true\" class=\"e-font-icon-svg e-eicon-chevron-left\" viewBox=\"0 0 1000 1000\" xmlns=\"http:\/\/www.w3.org\/2000\/svg\"><path d=\"M646 125C629 125 613 133 604 142L308 442C296 454 292 471 292 487 292 504 296 521 308 533L604 854C617 867 629 875 646 875 663 875 679 871 692 858 704 846 713 829 713 812 713 796 708 779 692 767L438 487 692 225C700 217 708 204 708 187 708 171 704 154 692 142 675 129 663 125 646 125Z\"><\/path><\/svg>\t\t\t\t\t<\/div>\n\t\t\t\t\t<div class=\"elementor-swiper-button elementor-swiper-button-next\" role=\"button\" tabindex=\"0\">\n\t\t\t\t\t\t<svg aria-hidden=\"true\" class=\"e-font-icon-svg e-eicon-chevron-right\" viewBox=\"0 0 1000 1000\" xmlns=\"http:\/\/www.w3.org\/2000\/svg\"><path d=\"M696 533C708 521 713 504 713 487 713 471 708 454 696 446L400 146C388 133 375 125 354 125 338 125 325 129 313 142 300 154 292 171 292 187 292 204 296 221 308 233L563 492 304 771C292 783 288 800 288 817 288 833 296 850 308 863 321 871 338 875 354 875 371 875 388 867 400 854L696 533Z\"><\/path><\/svg>\t\t\t\t\t<\/div>\n\t\t\t\t\n\t\t\t\t\t\t\t\t\t<div class=\"swiper-pagination\"><\/div>\n\t\t\t\t\t\t\t\t\t<\/div>\n\t\t\t\t\t\t<\/div>\n\t\t\t\t<\/div>\n\t\t\t\t\t<\/div>\n\t\t\t\t<\/div>\n\t\t<div class=\"elementor-element elementor-element-d13a538 e-flex e-con-boxed e-con e-parent\" data-id=\"d13a538\" data-element_type=\"container\" data-e-type=\"container\" data-settings=\"{&quot;background_background&quot;:&quot;classic&quot;,&quot;jet_parallax_layout_list&quot;:[]}\">\n\t\t\t\t\t<div class=\"e-con-inner\">\n\t\t\t\t<div class=\"elementor-element elementor-element-10806ec carruselserveis elementor-widget elementor-widget-jet-carousel\" data-id=\"10806ec\" data-element_type=\"widget\" data-e-type=\"widget\" data-settings=\"{&quot;slides_to_show&quot;:&quot;3&quot;,&quot;slides_to_show_tablet&quot;:&quot;2&quot;,&quot;slides_to_show_mobile&quot;:&quot;1&quot;,&quot;slides_to_scroll&quot;:&quot;1&quot;}\" data-widget_type=\"jet-carousel.default\">\n\t\t\t\t<div class=\"elementor-widget-container\">\n\t\t\t\t\t<div class=\"elementor-jet-carousel jet-elements\"><div class=\"jet-carousel-wrap jet-equal-cols\">\n\t<div class=\"jet-carousel\" data-slider_options=\"{&quot;autoplaySpeed&quot;:5000,&quot;autoplay&quot;:true,&quot;infinite&quot;:true,&quot;centerMode&quot;:false,&quot;centerPadding&quot;:&quot;50px&quot;,&quot;pauseOnHover&quot;:true,&quot;speed&quot;:500,&quot;arrows&quot;:false,&quot;dots&quot;:true,&quot;variableWidth&quot;:false,&quot;prevArrow&quot;:&quot;.jet-carousel__prev-arrow-10806ec&quot;,&quot;nextArrow&quot;:&quot;.jet-carousel__next-arrow-10806ec&quot;,&quot;rtl&quot;:false,&quot;fractionNav&quot;:false}\" dir=\"ltr\">\n\t<div class=\"elementor-slick-slider\">\n\n<div class=\"jet-carousel__item\">\n\t<div class=\"jet-carousel__item-inner\"><a href=\"#\" class=\"jet-carousel__item-link\" ><img decoding=\"async\" src=\"https:\/\/codinencs.com\/wp-content\/uploads\/2024\/09\/desbroce_parcelas_4.jpg\" class=\"jet-carousel__item-img\" alt=\"desbroce_parcelas_4\" loading=\"\"><\/a><div class=\"jet-carousel__content\"><h3 class=\"jet-carousel__item-title\"> Desbroce y limpieza de parcelas<\/h3><div class=\"jet-carousel__item-text\"><p>Nos ocupamos de la desbroce y limpieza de vegetaci\u00f3n, poda y trituraci\u00f3n de ramas. Utilizamos desbrozadoras manuales, motosierras y biotrituradoras para mantener las parcelas en buenas condiciones, previniendo incendios y cumpliendo con la normativa local.<\/p><\/div><\/div><\/div>\n<\/div>\n\n<div class=\"jet-carousel__item\">\n\t<div class=\"jet-carousel__item-inner\"><a href=\"#\" class=\"jet-carousel__item-link\" ><img decoding=\"async\" src=\"https:\/\/codinencs.com\/wp-content\/uploads\/2024\/09\/desbroce_parcelas_2.jpg\" class=\"jet-carousel__item-img\" alt=\"desbroce_parcelas_2\" loading=\"\"><\/a><div class=\"jet-carousel__content\"><h3 class=\"jet-carousel__item-title\">Desbroce y limpieza de bosques<\/h3><div class=\"jet-carousel__item-text\"><p>La limpieza del sotobosque y la poda de ramas secas es clave para mantener los bosques sanos y seguros. Para lo cual, usamos desbrozadoras manuales, de brazo y de tractor, as\u00ed como motosierras telesc\u00f3picas y de martillos por una trituraci\u00f3n eficaz.<\/p><\/div><\/div><\/div>\n<\/div>\n\n<div class=\"jet-carousel__item\">\n\t<div class=\"jet-carousel__item-inner\"><a href=\"#\" class=\"jet-carousel__item-link\" ><img decoding=\"async\" src=\"https:\/\/codinencs.com\/wp-content\/uploads\/2024\/09\/taludes_2.jpg\" class=\"jet-carousel__item-img\" alt=\"taludes_2\" loading=\"\"><\/a><div class=\"jet-carousel__content\"><h3 class=\"jet-carousel__item-title\">Limpieza de taludes y m\u00e1rgenes<\/h3><div class=\"jet-carousel__item-text\"><p>Nos encargamos de la limpieza de taludes en carreteras, riachuelos o zonas de dif\u00edcil acceso. Utilizamos desbrozadoras de brazo y manuales, as\u00ed como biotrituradoras, mejorando la visibilidad y disminuyendo los riesgos de incendio y de accidentes.<\/p><\/div><\/div><\/div>\n<\/div>\n\n<div class=\"jet-carousel__item\">\n\t<div class=\"jet-carousel__item-inner\"><a href=\"#\" class=\"jet-carousel__item-link\" ><img decoding=\"async\" src=\"https:\/\/codinencs.com\/wp-content\/uploads\/2024\/09\/reparacion_caminos.jpg\" class=\"jet-carousel__item-img\" alt=\"reparacion_caminos\" loading=\"\"><\/a><div class=\"jet-carousel__content\"><h3 class=\"jet-carousel__item-title\"> Reparaci\u00f3n de caminos forestales<\/h3><div class=\"jet-carousel__item-text\"><p>Mantenemos y reacondicionamos caminos rurales mediante desbroce, poda y nivelaci\u00f3n del terreno. Usamos motosierras de altura, biotrituradoras, compactadoras y niveladoras, asegurando el acceso seguro y cumpliendo con las normativas de ADF.<\/p><\/div><\/div><\/div>\n<\/div>\n<\/div><\/div>\n<\/div>\n<\/div>\t\t\t\t<\/div>\n\t\t\t\t<\/div>\n\t\t\t\t\t<\/div>\n\t\t\t\t<\/div>\n\t\t\t\t<\/div>\n\t\t","protected":false},"excerpt":{"rendered":"<p>Desbroce de parcelas Realizamos trabajos de desbroce de parcelas y todo tipo de limpieza forestal para garantizar la seguridad y la prevenci\u00f3n de incendios, manteniendo tu entorno limpio y cumpliendo con la normativa vigente. Desbroces y limpieza forestal Desbroce de parcelas para una seguridad total El desbroce de parcelas es una acci\u00f3n clave para mantener [&hellip;]<\/p>\n","protected":false},"author":1,"featured_media":0,"parent":0,"menu_order":0,"comment_status":"closed","ping_status":"closed","template":"","meta":{"inline_featured_image":false,"_joinchat":[],"footnotes":""},"class_list":["post-1003","page","type-page","status-publish","hentry"],"_links":{"self":[{"href":"https:\/\/codinencs.com\/es\/wp-json\/wp\/v2\/pages\/1003","targetHints":{"allow":["GET"]}}],"collection":[{"href":"https:\/\/codinencs.com\/es\/wp-json\/wp\/v2\/pages"}],"about":[{"href":"https:\/\/codinencs.com\/es\/wp-json\/wp\/v2\/types\/page"}],"author":[{"embeddable":true,"href":"https:\/\/codinencs.com\/es\/wp-json\/wp\/v2\/users\/1"}],"replies":[{"embeddable":true,"href":"https:\/\/codinencs.com\/es\/wp-json\/wp\/v2\/comments?post=1003"}],"version-history":[{"count":16,"href":"https:\/\/codinencs.com\/es\/wp-json\/wp\/v2\/pages\/1003\/revisions"}],"predecessor-version":[{"id":1786,"href":"https:\/\/codinencs.com\/es\/wp-json\/wp\/v2\/pages\/1003\/revisions\/1786"}],"wp:attachment":[{"href":"https:\/\/codinencs.com\/es\/wp-json\/wp\/v2\/media?parent=1003"}],"curies":[{"name":"wp","href":"https:\/\/api.w.org\/{rel}","templated":true}]}}