{"id":1004,"date":"2023-05-25T10:41:05","date_gmt":"2023-05-25T10:41:05","guid":{"rendered":"https:\/\/codinencs.com\/poda-dalcada\/"},"modified":"2024-11-02T08:15:10","modified_gmt":"2024-11-02T08:15:10","slug":"poda-de-altura","status":"publish","type":"page","link":"https:\/\/codinencs.com\/es\/poda-de-altura\/","title":{"rendered":"Poda de altura"},"content":{"rendered":"\t\t<div data-elementor-type=\"wp-page\" data-elementor-id=\"1004\" class=\"elementor elementor-1004 elementor-74\" data-elementor-post-type=\"page\">\n\t\t\t\t<div class=\"elementor-element elementor-element-31924be e-flex e-con-boxed e-con e-parent\" data-id=\"31924be\" data-element_type=\"container\" data-e-type=\"container\" data-settings=\"{&quot;jet_parallax_layout_list&quot;:[],&quot;background_background&quot;:&quot;classic&quot;}\">\n\t\t\t\t\t<div class=\"e-con-inner\">\n\t\t<div class=\"elementor-element elementor-element-252d524 e-con-full e-flex e-con e-child\" data-id=\"252d524\" data-element_type=\"container\" data-e-type=\"container\" data-settings=\"{&quot;jet_parallax_layout_list&quot;:[]}\">\n\t\t\t\t<div class=\"elementor-element elementor-element-ef8e362 elementor-widget elementor-widget-heading\" data-id=\"ef8e362\" data-element_type=\"widget\" data-e-type=\"widget\" data-widget_type=\"heading.default\">\n\t\t\t\t\t<h1 class=\"elementor-heading-title elementor-size-default\">Poda de altura<\/h1>\t\t\t\t<\/div>\n\t\t\t\t<div class=\"elementor-element elementor-element-8303d78 elementor-widget elementor-widget-text-editor\" data-id=\"8303d78\" data-element_type=\"widget\" data-e-type=\"widget\" data-widget_type=\"text-editor.default\">\n\t\t\t\t\t\t\t\t\t<p>Realizamos trabajos de poda de altura en todo Catalu\u00f1a, especializados en la eliminaci\u00f3n segura de \u00e1rboles que presentan riesgo de ca\u00edda o est\u00e1n da\u00f1ados.<\/p>\t\t\t\t\t\t\t\t<\/div>\n\t\t\t\t<\/div>\n\t\t<div class=\"elementor-element elementor-element-7f01753 e-con-full e-flex e-con e-child\" data-id=\"7f01753\" data-element_type=\"container\" data-e-type=\"container\" data-settings=\"{&quot;jet_parallax_layout_list&quot;:[]}\">\n\t\t\t\t<div class=\"elementor-element elementor-element-429af63 elementor-widget elementor-widget-image\" data-id=\"429af63\" data-element_type=\"widget\" data-e-type=\"widget\" data-widget_type=\"image.default\">\n\t\t\t\t\t\t\t\t\t\t\t\t\t\t\t<img fetchpriority=\"high\" decoding=\"async\" width=\"1024\" height=\"682\" src=\"https:\/\/codinencs.com\/wp-content\/uploads\/2024\/09\/poda-altura-3-1024x682.jpeg\" class=\"attachment-large size-large wp-image-206\" alt=\"\" srcset=\"https:\/\/codinencs.com\/wp-content\/uploads\/2024\/09\/poda-altura-3-1024x682.jpeg 1024w, https:\/\/codinencs.com\/wp-content\/uploads\/2024\/09\/poda-altura-3-300x200.jpeg 300w, https:\/\/codinencs.com\/wp-content\/uploads\/2024\/09\/poda-altura-3-768x512.jpeg 768w, https:\/\/codinencs.com\/wp-content\/uploads\/2024\/09\/poda-altura-3-600x400.jpeg 600w, https:\/\/codinencs.com\/wp-content\/uploads\/2024\/09\/poda-altura-3.jpeg 1280w\" sizes=\"(max-width: 1024px) 100vw, 1024px\" \/>\t\t\t\t\t\t\t\t\t\t\t\t\t\t\t<\/div>\n\t\t\t\t<\/div>\n\t\t\t\t\t<\/div>\n\t\t\t\t<\/div>\n\t\t<div class=\"elementor-element elementor-element-090798f e-flex e-con-boxed e-con e-parent\" data-id=\"090798f\" data-element_type=\"container\" data-e-type=\"container\" data-settings=\"{&quot;jet_parallax_layout_list&quot;:[]}\">\n\t\t\t\t\t<div class=\"e-con-inner\">\n\t\t<div class=\"elementor-element elementor-element-939505c e-con-full e-flex e-con e-child\" data-id=\"939505c\" data-element_type=\"container\" data-e-type=\"container\" data-settings=\"{&quot;jet_parallax_layout_list&quot;:[]}\">\n\t\t\t\t<div class=\"elementor-element elementor-element-0ca6e80 elementor-widget elementor-widget-heading\" data-id=\"0ca6e80\" data-element_type=\"widget\" data-e-type=\"widget\" data-widget_type=\"heading.default\">\n\t\t\t\t\t<h2 class=\"elementor-heading-title elementor-size-default\">Eliminaci\u00f3n de \u00e1rboles de gran altura y\/o dif\u00edcil acceso<\/h2>\t\t\t\t<\/div>\n\t\t\t\t<div class=\"elementor-element elementor-element-60517c7 elementor-widget elementor-widget-text-editor\" data-id=\"60517c7\" data-element_type=\"widget\" data-e-type=\"widget\" data-widget_type=\"text-editor.default\">\n\t\t\t\t\t\t\t\t\t<p>El servicio de poda de altura no solo es \u00fatil para la cura y el mantenimiento de los \u00e1rboles, sino que es especialmente importante para la eliminaci\u00f3n segura de aquellos \u00e1rboles que suponen un riesgo para la seguridad de las personas o las propiedades. En todo el territorio de Catalu\u00f1a, nos encargamos de retirar \u00e1rboles que se han inclinado peligrosamente, que han quedado da\u00f1ados despu\u00e9s de un temporal o que ya han ca\u00eddo parcialmente.<\/p><p>Este servicio es esencial para \u00e1rboles situados cerca de viviendas, tendidos el\u00e9ctricos u otras infraestructuras, donde un colapso podr\u00eda tener consecuencias graves. Los \u00e1rboles inclinados o con ramas inestables, especialmente despu\u00e9s de fuertes tormentas, pueden representar un peligro inminente si no se retiran a tiempo. Con la poda de altura, nos encargamos de la eliminaci\u00f3n completa de estos \u00e1rboles de manera r\u00e1pida y eficiente, minimizando cualquier riesgo durante el proceso.<\/p><p>Disponemos de un equipo altamente cualificado y especializado en trabajos de altura, con todas las herramientas necesarias para garantizar que la eliminaci\u00f3n se haga con total seguridad, independientemente de la medida o la ubicaci\u00f3n del \u00e1rbol. Adem\u00e1s, nos ocupamos de la retirada de los residuos, dejando el espacio limpio y libro de peligros.<\/p><p>Si tienes \u00e1rboles que amenazan la seguridad de tu propiedad o han quedado da\u00f1ados despu\u00e9s de un temporal, nuestro servicio de poda de altura es la soluci\u00f3n perfecta para eliminarlos de manera segura y profesional, disponible a cualquier punto de Catalu\u00f1a.<\/p>\t\t\t\t\t\t\t\t<\/div>\n\t\t\t\t<\/div>\n\t\t<div class=\"elementor-element elementor-element-491e7a9 e-con-full e-flex e-con e-child\" data-id=\"491e7a9\" data-element_type=\"container\" data-e-type=\"container\" data-settings=\"{&quot;jet_parallax_layout_list&quot;:[]}\">\n\t\t\t\t<div class=\"elementor-element elementor-element-1296e36 elementor-arrows-position-inside elementor-pagination-position-outside elementor-widget elementor-widget-image-carousel\" data-id=\"1296e36\" data-element_type=\"widget\" data-e-type=\"widget\" data-settings=\"{&quot;slides_to_show&quot;:&quot;1&quot;,&quot;navigation&quot;:&quot;both&quot;,&quot;autoplay&quot;:&quot;yes&quot;,&quot;pause_on_hover&quot;:&quot;yes&quot;,&quot;pause_on_interaction&quot;:&quot;yes&quot;,&quot;autoplay_speed&quot;:5000,&quot;infinite&quot;:&quot;yes&quot;,&quot;effect&quot;:&quot;slide&quot;,&quot;speed&quot;:500}\" data-widget_type=\"image-carousel.default\">\n\t\t\t\t\t\t\t<div class=\"elementor-image-carousel-wrapper swiper\" role=\"region\" aria-roledescription=\"carousel\" aria-label=\"Carrusel de im\u00e1genes\" dir=\"ltr\">\n\t\t\t<div class=\"elementor-image-carousel swiper-wrapper\" aria-live=\"off\">\n\t\t\t\t\t\t\t\t<div class=\"swiper-slide\" role=\"group\" aria-roledescription=\"slide\" aria-label=\"1 de 6\"><figure class=\"swiper-slide-inner\"><img decoding=\"async\" class=\"swiper-slide-image\" src=\"https:\/\/codinencs.com\/wp-content\/uploads\/2024\/09\/poda-altura-2.jpeg\" alt=\"Arborist tree surgeon cutting tree branches with chainsaw, lumberjack woodcutter in uniform climbing and working on heights, process of tree pruning and sawing on the top\" \/><\/figure><\/div><div class=\"swiper-slide\" role=\"group\" aria-roledescription=\"slide\" aria-label=\"2 de 6\"><figure class=\"swiper-slide-inner\"><img decoding=\"async\" class=\"swiper-slide-image\" src=\"https:\/\/codinencs.com\/wp-content\/uploads\/2024\/09\/poda-segura.jpeg\" alt=\"aborist working at height during tree care and tree pruning\" \/><\/figure><\/div><div class=\"swiper-slide\" role=\"group\" aria-roledescription=\"slide\" aria-label=\"3 de 6\"><figure class=\"swiper-slide-inner\"><img decoding=\"async\" class=\"swiper-slide-image\" src=\"https:\/\/codinencs.com\/wp-content\/uploads\/2024\/09\/poda-amb-grua.jpeg\" alt=\"Two men pruning a tree by chainsaw, standing on a elevated platform. Tree pruning time. Workers pruning a tree. Gardening background photo.\" \/><\/figure><\/div><div class=\"swiper-slide\" role=\"group\" aria-roledescription=\"slide\" aria-label=\"4 de 6\"><figure class=\"swiper-slide-inner\"><img decoding=\"async\" class=\"swiper-slide-image\" src=\"https:\/\/codinencs.com\/wp-content\/uploads\/2024\/09\/branca-trencada.jpeg\" alt=\"tree trunk broken after stormy weather\" \/><\/figure><\/div><div class=\"swiper-slide\" role=\"group\" aria-roledescription=\"slide\" aria-label=\"5 de 6\"><figure class=\"swiper-slide-inner\"><img decoding=\"async\" class=\"swiper-slide-image\" src=\"https:\/\/codinencs.com\/wp-content\/uploads\/2024\/09\/arbre-inclinat.jpeg\" alt=\"Leaning cherry tree in park\" \/><\/figure><\/div><div class=\"swiper-slide\" role=\"group\" aria-roledescription=\"slide\" aria-label=\"6 de 6\"><figure class=\"swiper-slide-inner\"><img decoding=\"async\" class=\"swiper-slide-image\" src=\"https:\/\/codinencs.com\/wp-content\/uploads\/2024\/09\/arbre-caigut.jpeg\" alt=\"Storm Damage Large Branch\" \/><\/figure><\/div>\t\t\t<\/div>\n\t\t\t\t\t\t\t\t\t\t\t\t<div class=\"elementor-swiper-button elementor-swiper-button-prev\" role=\"button\" tabindex=\"0\">\n\t\t\t\t\t\t<svg aria-hidden=\"true\" class=\"e-font-icon-svg e-eicon-chevron-left\" viewBox=\"0 0 1000 1000\" xmlns=\"http:\/\/www.w3.org\/2000\/svg\"><path d=\"M646 125C629 125 613 133 604 142L308 442C296 454 292 471 292 487 292 504 296 521 308 533L604 854C617 867 629 875 646 875 663 875 679 871 692 858 704 846 713 829 713 812 713 796 708 779 692 767L438 487 692 225C700 217 708 204 708 187 708 171 704 154 692 142 675 129 663 125 646 125Z\"><\/path><\/svg>\t\t\t\t\t<\/div>\n\t\t\t\t\t<div class=\"elementor-swiper-button elementor-swiper-button-next\" role=\"button\" tabindex=\"0\">\n\t\t\t\t\t\t<svg aria-hidden=\"true\" class=\"e-font-icon-svg e-eicon-chevron-right\" viewBox=\"0 0 1000 1000\" xmlns=\"http:\/\/www.w3.org\/2000\/svg\"><path d=\"M696 533C708 521 713 504 713 487 713 471 708 454 696 446L400 146C388 133 375 125 354 125 338 125 325 129 313 142 300 154 292 171 292 187 292 204 296 221 308 233L563 492 304 771C292 783 288 800 288 817 288 833 296 850 308 863 321 871 338 875 354 875 371 875 388 867 400 854L696 533Z\"><\/path><\/svg>\t\t\t\t\t<\/div>\n\t\t\t\t\n\t\t\t\t\t\t\t\t\t<div class=\"swiper-pagination\"><\/div>\n\t\t\t\t\t\t\t\t\t<\/div>\n\t\t\t\t\t\t<\/div>\n\t\t\t\t<\/div>\n\t\t\t\t\t<\/div>\n\t\t\t\t<\/div>\n\t\t<div class=\"elementor-element elementor-element-0445b72 e-flex e-con-boxed e-con e-parent\" data-id=\"0445b72\" data-element_type=\"container\" data-e-type=\"container\" data-settings=\"{&quot;background_background&quot;:&quot;classic&quot;,&quot;jet_parallax_layout_list&quot;:[]}\">\n\t\t\t\t\t<div class=\"e-con-inner\">\n\t\t\t\t<div class=\"elementor-element elementor-element-4024170 carruselserveis elementor-widget elementor-widget-jet-carousel\" data-id=\"4024170\" data-element_type=\"widget\" data-e-type=\"widget\" data-settings=\"{&quot;slides_to_show&quot;:&quot;3&quot;,&quot;slides_to_show_tablet&quot;:&quot;2&quot;,&quot;slides_to_show_mobile&quot;:&quot;1&quot;,&quot;slides_to_scroll&quot;:&quot;1&quot;}\" data-widget_type=\"jet-carousel.default\">\n\t\t\t\t<div class=\"elementor-widget-container\">\n\t\t\t\t\t<div class=\"elementor-jet-carousel jet-elements\"><div class=\"jet-carousel-wrap jet-equal-cols\">\n\t<div class=\"jet-carousel\" data-slider_options=\"{&quot;autoplaySpeed&quot;:5000,&quot;autoplay&quot;:true,&quot;infinite&quot;:true,&quot;centerMode&quot;:false,&quot;centerPadding&quot;:&quot;50px&quot;,&quot;pauseOnHover&quot;:true,&quot;speed&quot;:500,&quot;arrows&quot;:false,&quot;dots&quot;:true,&quot;variableWidth&quot;:false,&quot;prevArrow&quot;:&quot;.jet-carousel__prev-arrow-4024170&quot;,&quot;nextArrow&quot;:&quot;.jet-carousel__next-arrow-4024170&quot;,&quot;rtl&quot;:false,&quot;fractionNav&quot;:false}\" dir=\"ltr\">\n\t<div class=\"elementor-slick-slider\">\n\n<div class=\"jet-carousel__item\">\n\t<div class=\"jet-carousel__item-inner\"><a href=\"#\" class=\"jet-carousel__item-link\" ><img decoding=\"async\" src=\"https:\/\/codinencs.com\/wp-content\/uploads\/2024\/09\/poda-altura.jpeg\" class=\"jet-carousel__item-img\" alt=\"Arborist tree surgeon cutting tree branches with chainsaw, lumberjack woodcutter in uniform climbing and working on heights, process of tree pruning and sawing on the top\" loading=\"\"><\/a><div class=\"jet-carousel__content\"><h3 class=\"jet-carousel__item-title\"> Poda de \u00e1rboles grandes o con ramas altas<\/h3><div class=\"jet-carousel__item-text\"><p><br \/>Este es el uso principal del servicio de poda de altura. Los \u00e1rboles con ramas muy altas pueden representar un riesgo si se rompen o caen, especialmente cerca de casas o tendidos el\u00e9ctricos. La poda de estas ramas ayuda a mantener los \u00e1rboles sanos, evitar accidentes y mejorar la est\u00e9tica del jard\u00edn.<\/p><\/div><\/div><\/div>\n<\/div>\n\n<div class=\"jet-carousel__item\">\n\t<div class=\"jet-carousel__item-inner\"><a href=\"#\" class=\"jet-carousel__item-link\" ><img decoding=\"async\" src=\"https:\/\/codinencs.com\/wp-content\/uploads\/2024\/09\/neteja-arbre-caigut.jpeg\" class=\"jet-carousel__item-img\" alt=\"Closeup view on hydraulic arm of an excavator at work clearing tree branches and debris from the highway after a storm, man with rake in background.\" loading=\"\"><\/a><div class=\"jet-carousel__content\"><h3 class=\"jet-carousel__item-title\"> Desbroce de \u00e1rboles en zonas urbanas<\/h3><div class=\"jet-carousel__item-text\"><p>En zonas urbanas o con alta densidad de poblaci\u00f3n, los \u00e1rboles pueden crecer demasiado cerca de calles, edificios o infraestructuras. La poda de altura permite controlar el crecimiento y evitar que las ramas causen da\u00f1os o problemas, asegurando que los \u00e1rboles no interfieran con el entorno urbano.<\/p><\/div><\/div><\/div>\n<\/div>\n\n<div class=\"jet-carousel__item\">\n\t<div class=\"jet-carousel__item-inner\"><a href=\"#\" class=\"jet-carousel__item-link\" ><img decoding=\"async\" src=\"https:\/\/codinencs.com\/wp-content\/uploads\/2024\/09\/branca-trencada.jpeg\" class=\"jet-carousel__item-img\" alt=\"tree trunk broken after stormy weather\" loading=\"\"><\/a><div class=\"jet-carousel__content\"><h3 class=\"jet-carousel__item-title\"> Limpieza de \u00e1rboles despu\u00e9s de temporales<\/h3><div class=\"jet-carousel__item-text\"><p><br \/>Despu\u00e9s de tormentas o fuertes vientos, las ramas de \u00e1rboles pueden quedar malogradas o en peligro de caer. La poda de altura es esencial para eliminar las ramas rotas o da\u00f1adas, manteniendo la seguridad y evitando da\u00f1os futuros a propiedades o personas.<\/p><\/div><\/div><\/div>\n<\/div>\n\n<div class=\"jet-carousel__item\">\n\t<div class=\"jet-carousel__item-inner\"><a href=\"#\" class=\"jet-carousel__item-link\" ><img decoding=\"async\" src=\"https:\/\/codinencs.com\/wp-content\/uploads\/2024\/09\/poda-tardor.jpeg\" class=\"jet-carousel__item-img\" alt=\"Professional arborist in safety gear climbs a maple tree with yellow autumn leaves, preparing to prune or cut it down.\" loading=\"\"><\/a><div class=\"jet-carousel__content\"><h3 class=\"jet-carousel__item-title\"> Poda para mejorar la salud del \u00e1rbol<\/h3><div class=\"jet-carousel__item-text\"><p>La poda regular de \u00e1rboles de altura tambi\u00e9n ayuda a promover la salud de los \u00e1rboles, eliminando las ramas muertas, enfermas o que interfieren con el crecimiento general. Esto permite que el \u00e1rbol reciba m\u00e1s luz solar y circulaci\u00f3n de aire, contribuyendo a un crecimiento m\u00e1s saludable y vigoroso.<\/p><\/div><\/div><\/div>\n<\/div>\n<\/div><\/div>\n<\/div>\n<\/div>\t\t\t\t<\/div>\n\t\t\t\t<\/div>\n\t\t\t\t\t<\/div>\n\t\t\t\t<\/div>\n\t\t\t\t<\/div>\n\t\t","protected":false},"excerpt":{"rendered":"<p>Realizamos trabajos de poda de altura en todo Catalu\u00f1a, especializados en la eliminaci\u00f3n segura de \u00e1rboles que presentan riesgo de ca\u00edda o est\u00e1n da\u00f1ados. Eliminaci\u00f3n de \u00e1rboles de gran altura y\/o dif\u00edcil acceso El servicio de poda de altura no solo es \u00fatil para la cura y el mantenimiento de los \u00e1rboles, sino que es [&hellip;]<\/p>\n","protected":false},"author":1,"featured_media":0,"parent":0,"menu_order":0,"comment_status":"closed","ping_status":"closed","template":"","meta":{"inline_featured_image":false,"_joinchat":[],"footnotes":""},"class_list":["post-1004","page","type-page","status-publish","hentry"],"_links":{"self":[{"href":"https:\/\/codinencs.com\/es\/wp-json\/wp\/v2\/pages\/1004","targetHints":{"allow":["GET"]}}],"collection":[{"href":"https:\/\/codinencs.com\/es\/wp-json\/wp\/v2\/pages"}],"about":[{"href":"https:\/\/codinencs.com\/es\/wp-json\/wp\/v2\/types\/page"}],"author":[{"embeddable":true,"href":"https:\/\/codinencs.com\/es\/wp-json\/wp\/v2\/users\/1"}],"replies":[{"embeddable":true,"href":"https:\/\/codinencs.com\/es\/wp-json\/wp\/v2\/comments?post=1004"}],"version-history":[{"count":10,"href":"https:\/\/codinencs.com\/es\/wp-json\/wp\/v2\/pages\/1004\/revisions"}],"predecessor-version":[{"id":1315,"href":"https:\/\/codinencs.com\/es\/wp-json\/wp\/v2\/pages\/1004\/revisions\/1315"}],"wp:attachment":[{"href":"https:\/\/codinencs.com\/es\/wp-json\/wp\/v2\/media?parent=1004"}],"curies":[{"name":"wp","href":"https:\/\/api.w.org\/{rel}","templated":true}]}}